{"id":440,"date":"2021-09-27T19:57:12","date_gmt":"2021-09-27T17:57:12","guid":{"rendered":"https:\/\/kar.slask.pl\/?post_type=product&#038;p=440"},"modified":"2022-01-10T13:52:22","modified_gmt":"2022-01-10T12:52:22","slug":"440","status":"publish","type":"product","link":"https:\/\/kar.slask.pl\/index.php\/produkt\/440\/","title":{"rendered":"Sp\u00f3\u0142ka z ograniczon\u0105 odpowiedzialno\u015bci\u0105"},"content":{"rendered":"<p><strong>Dla kogo jest to us\u0142uga:<\/strong><\/p>\n<ul>\n<li>dla os\u00f3b, kt\u00f3re chc\u0105 za\u0142o\u017cy\u0107 sp\u00f3\u0142k\u0119 z ograniczon\u0105 odpowiedzialno\u015bci\u0105.<\/li>\n<\/ul>\n<p>&nbsp;<\/p>\n<p><strong>Co otrzymujesz:<\/strong><\/p>\n<ul>\n<li>przygotujemy dla Ciebie dokumenty rejestracyjne i przeprowadzimy Ci\u0119 przez proces rejestracji Sp\u00f3\u0142ki od pocz\u0105tku do gotowej sp\u00f3\u0142ki z o.o. za po\u015brednictwem portalu S24;<\/li>\n<li>pomo\u017cemy Ci za\u0142o\u017cy\u0107 konto w portalu S24;<\/li>\n<li>pomo\u017cemy Ci dobra\u0107 kody PKD do planowanej przez Ciebie dzia\u0142alno\u015bci;<\/li>\n<li>pomo\u017cemy wybra\u0107 nazw\u0119 tak by by\u0142a mo\u017cliwa do zarejestrowania;<\/li>\n<li>doradzimy w sprawach podatkowych;<\/li>\n<li>sprawdzimy czy planowana przez Ciebie nazwa nie jest wykorzystywana przez konkurencj\u0119 i czy nie jest zarejestrowana w Urz\u0119dzie Patentowym RP;<\/li>\n<li>stworzymy komplet dokument\u00f3w niezb\u0119dny do zarejestrowania sp\u00f3\u0142ki, w tym m.in. o\u015bwiadczenia niezb\u0119dne dla KRS oraz umow\u0119 najmu;<\/li>\n<li>przygotujemy komplet zg\u0142osze\u0144 do US i ZUS, w tym NIP-8 i VAT-R, je\u015bli b\u0119dziesz tego potrzebowa\u0142;<\/li>\n<li>przeka\u017cemy Ci \u2013 w wersji papierowej i elektronicznej \u2013 dokumenty wzorcowe niezb\u0119dne w funkcjonowaniu Sp\u00f3\u0142ki (w tym m.in. uchwa\u0142y Zwyczajnego Zgromadzenia Wsp\u00f3lnik\u00f3w, uchwa\u0142y w sprawie ustanowienia pe\u0142nomocnika do zawierania um\u00f3w pomi\u0119dzy Sp\u00f3\u0142k\u0105 a cz\u0142onkami zarz\u0105du);<\/li>\n<li>przeka\u017cemy Ci kompletn\u0105 dokumentacj\u0119 Sp\u00f3\u0142ki z post\u0119powania rejestracyjnego wraz z ksi\u0119g\u0105 udzia\u0142\u00f3w (papierow\u0105 i elektroniczn\u0105) oraz ksi\u0119g\u0105 uchwa\u0142 (papierow\u0105 i elektroniczn\u0105),<\/li>\n<li>przygotujemy zg\u0142oszenie do\u00a0<strong><a href=\"http:\/\/web.archive.org\/web\/20201024052446\/https:\/\/www.kar.slask.pl\/2020\/03\/12\/centralny-rejestr-beneficjentow-rzeczywistych\/\" target=\"_blank\" rel=\"noopener noreferrer\">Centralnego Rejestru Beneficjent\u00f3w Rzeczywistych,<\/a><\/strong><\/li>\n<li>przygotujemy deklaracje PPC-3.<\/li>\n<\/ul>\n<p>&nbsp;<\/p>\n<p><strong>Czego nie obejmuje us\u0142uga:<\/strong><\/p>\n<ul>\n<li>uiszczenia za Ciebie op\u0142at s\u0105dowych zwi\u0105zanych z rejestracj\u0105 sp\u00f3\u0142ki. Obecnie to 250 z\u0142 op\u0142aty s\u0105dowej, 100 z\u0142 op\u0142aty za og\u0142oszenie w Monitorze S\u0105dowym i Gospodarczym, oraz op\u0142ata manipulacyjna za dokonanie p\u0142atno\u015bci online;<\/li>\n<li>reprezentacji w post\u0119powaniu rejestrowym ani przed urz\u0119dami (US, ZUS). Przygotujemy dla Ciebie komplet dokument\u00f3w, pism i wniosk\u00f3w, ale do s\u0105du wy\u015blesz je samodzielnie. Oczywi\u015bcie wyja\u015bnimy jak to zrobi\u0107.<\/li>\n<\/ul>\n<p>&nbsp;<\/p>\n<p><strong>Jak to dzia\u0142a:<\/strong><\/p>\n<ul>\n<li>zamawiasz wybran\u0105 us\u0142ug\u0119 i dokonujesz zap\u0142aty,<\/li>\n<li>po zaksi\u0119gowaniu wp\u0142aty \u2013 w ci\u0105gu 24 godzin \u2013 otrzymujesz od nas mailowo informacje jak przygotowa\u0107 si\u0119 do pierwszej rozmowy, jakich informacji b\u0119dziemy od Ciebie potrzebowa\u0107 i co warto by\u0142oby przemy\u015ble\u0107 przed rozmow\u0105. Otrzymasz r\u00f3wnie\u017c informacje jak zarezerwowa\u0107 wygodny dla Ciebie termin rozmowy; Zach\u0119camy do zapoznania si\u0119 z materia\u0142ami na temat sp\u00f3\u0142ki z o.o. na naszym\u00a0<a href=\"http:\/\/web.archive.org\/web\/20201024052446\/https:\/\/www.kar.slask.pl\/category\/spolka\/\" target=\"_blank\" rel=\"noopener noreferrer\"><strong>blogu<\/strong><\/a>\u00a0\u2013 u\u0142atwi Ci to przygotowanie si\u0119 do jej za\u0142o\u017cenia i prowadzenia.<\/li>\n<li>w trakcie rozmowy ustalimy szczeg\u00f3\u0142y niezb\u0119dne do zarejestrowania Sp\u00f3\u0142ki i odpowiemy na wszystkie Twoje pytania zwi\u0105zane z procesem jej rejestracji; Jak przebiega sam proces rejestracji sp\u00f3\u0142ki mo\u017cesz sprawdzi\u0107\u00a0<strong><a href=\"http:\/\/web.archive.org\/web\/20201024052446\/https:\/\/www.biznes.gov.pl\/pl\/firma\/zakladanie-firmy\/chce-zalozyc-spolke-z-o-o\/rejestracja-spolki-z-o-o-przez-internet\" target=\"_blank\" rel=\"noopener noreferrer\">tutaj<\/a><\/strong>.<\/li>\n<li>zgodnie z ustaleniami przygotujemy niezb\u0119dne do zarejestrowania sp\u00f3\u0142ki dokumenty i wnioski;<\/li>\n<li>po zarejestrowaniu Sp\u00f3\u0142ki przeka\u017cemy Ci komplet materia\u0142\u00f3w;<\/li>\n<li>przez 6 miesi\u0119cy od dnia jej zarejestrowania b\u0119dziesz m\u00f3g\u0142 korzysta\u0107 ze zdalnej pomocy prawnej w zakresie zagadnie\u0144 formalnych zwi\u0105zanych z funkcjonowaniem sp\u00f3\u0142ki.\u00a0 Dla przyk\u0142adu, pomo\u017cemy Ci przygotowa\u0107 niezb\u0119dne uchwa\u0142y, podpowiemy kiedy niezb\u0119dne jest ich podj\u0119cie, pomo\u017cemy Ci przygotowa\u0107 np. umowy zlecenia lub umowy o prac\u0119 dla cz\u0142onk\u00f3w zarz\u0105du. Pomoc prawna nie obejmuje spraw pomi\u0119dzy Sp\u00f3\u0142k\u0105 a podmiotami trzecimi (np. kontrahentami).<\/li>\n<\/ul>\n<p>&nbsp;<\/p>\n<p><strong>P\u0142atno\u015b\u0107:<\/strong><\/p>\n<ul>\n<li>za nasz\u0105 us\u0142ug\u0119 mo\u017cesz zap\u0142aci\u0107 jednorazowo lub w 3 cz\u0119\u015bciach, W przypadku p\u0142atno\u015bci roz\u0142o\u017conej na raty cena us\u0142ugi to 3.500,00 z\u0142 netto p\u0142atna w ten spos\u00f3b, \u017ce:\n<ul>\n<li>1.250,00 z\u0142 przy zawarciu umowy;<\/li>\n<li>po 750 z\u0142 na koniec 2, 4 i 6 miesi\u0105ca funkcjonowania Sp\u00f3\u0142ki, na podstawie wystawionych przez Kancelari\u0119 faktur VAT.<\/li>\n<li>je\u015bli jeste\u015b zainteresowany p\u0142atno\u015bci\u0105 cz\u0119\u015bciow\u0105 skontaktuj si\u0119 z nami.<\/li>\n<\/ul>\n<\/li>\n<\/ul>\n<p>&nbsp;<\/p>\n<p><strong>Co wyr\u00f3\u017cnia nasz\u0105 us\u0142ug\u0119:<\/strong><\/p>\n<ul>\n<li>otrzymujesz gotow\u0105 do dzia\u0142ania sp\u00f3\u0142k\u0119 z ograniczon\u0105 odpowiedzialno\u015bci\u0105 ale te\u017c pomoc w wyborze optymalnych dla Ciebie zapis\u00f3w umowy sp\u00f3\u0142ki;<\/li>\n<li>masz pewno\u015b\u0107, \u017ce wybrana przez Ciebie nazwa sp\u00f3\u0142ki nie stanowi czynu nieuczciwej konkurencji i nie narusza praw ochronnych innych podmiot\u00f3w;<\/li>\n<li>przez ca\u0142y proces rejestracji prowadzi Ci\u0119 radca prawny lub adwokat Naszej Kancelarii, a wszystkie informacje jakie nam przekazujesz s\u0105 obj\u0119te <strong><a href=\"http:\/\/web.archive.org\/web\/20201024052446\/https:\/\/www.kar.slask.pl\/2020\/05\/06\/tajemnica-zawodowa-czym-jest-i-kogo-obowiazuje\/\" target=\"_blank\" rel=\"noopener noreferrer\">tajemnic\u0105 zawodow\u0105<\/a><\/strong>.<\/li>\n<li>je\u015bli nie wybra\u0142e\u015b jeszcze biura rachunkowego dla swojej Sp\u00f3\u0142ki przeka\u017cemy Ci stworzon\u0105 specjalnie dla naszych Klient\u00f3w ofert\u0119 na us\u0142ugi ksi\u0119gowe \u015bwiadczone przez nasze\u00a0<strong><a href=\"http:\/\/web.archive.org\/web\/20201024052446\/https:\/\/kar.com.pl\/\" target=\"_blank\" rel=\"noopener noreferrer\">Biuro Rachunkowe<\/a><\/strong>.<\/li>\n<\/ul>\n","protected":false},"excerpt":{"rendered":"<p>Sp\u00f3\u0142ki z o.o. s\u0105 obecnie niezwykle popularne. Prawid\u0142owo prowadzone zapewniaj\u0105 spore bezpiecze\u0144stwo\u00a0 biznesu i korzystne warunki podatkowe. Je\u015bli zastanawiasz si\u0119 nad za\u0142o\u017ceniem sp\u00f3\u0142ki, a nie masz du\u017cego do\u015bwiadczenia w jej zak\u0142adaniu i prowadzeniu to nasz produkt jest dla Ciebie! Za\u0142o\u017cymy dla Ciebie sp\u00f3\u0142k\u0119 i przez 6 miesi\u0119cy od jej zarejestrowania zapewnimy Twojej Sp\u00f3\u0142ce r\u00f3wnie\u017c opiek\u0119 prawn\u0105 w zakresie spraw formalnych. Sprawd\u017a!<\/p>\n","protected":false},"featured_media":441,"comment_status":"open","ping_status":"closed","template":"","meta":{"jetpack_publicize_message":"","jetpack_publicize_feature_enabled":true,"jetpack_social_post_already_shared":false,"jetpack_social_options":{"image_generator_settings":{"template":"highway","default_image_id":0,"font":"","enabled":false},"version":2}},"product_brand":[],"product_cat":[35,34],"product_tag":[],"class_list":{"0":"post-440","1":"product","2":"type-product","3":"status-publish","4":"has-post-thumbnail","6":"product_cat-spolka-z-ograniczona-odpowiedzialnoscia","7":"product_cat-spolki","9":"first","10":"instock","11":"taxable","12":"shipping-taxable","13":"purchasable","14":"product-type-variable"},"yoast_head":"<!-- This site is optimized with the Yoast SEO plugin v27.6 - https:\/\/yoast.com\/product\/yoast-seo-wordpress\/ -->\n<title>Sp\u00f3\u0142ka z ograniczon\u0105 odpowiedzialno\u015bci\u0105 - Kancelaria Adwokat\u00f3w i Radc\u00f3w Prawnych. Miodek i partnerzy<\/title>\n<meta name=\"robots\" content=\"index, follow, max-snippet:-1, max-image-preview:large, max-video-preview:-1\" \/>\n<link rel=\"canonical\" href=\"https:\/\/kar.slask.pl\/index.php\/produkt\/440\/\" \/>\n<meta property=\"og:locale\" content=\"pl_PL\" \/>\n<meta property=\"og:type\" content=\"article\" \/>\n<meta property=\"og:title\" content=\"Sp\u00f3\u0142ka z ograniczon\u0105 odpowiedzialno\u015bci\u0105 - Kancelaria Adwokat\u00f3w i Radc\u00f3w Prawnych. Miodek i partnerzy\" \/>\n<meta property=\"og:description\" content=\"Sp\u00f3\u0142ki z o.o. s\u0105 obecnie niezwykle popularne. Prawid\u0142owo prowadzone zapewniaj\u0105 spore bezpiecze\u0144stwo\u00a0 biznesu i korzystne warunki podatkowe. Je\u015bli zastanawiasz si\u0119 nad za\u0142o\u017ceniem sp\u00f3\u0142ki, a nie masz du\u017cego do\u015bwiadczenia w jej zak\u0142adaniu i prowadzeniu to nasz produkt jest dla Ciebie! Za\u0142o\u017cymy dla Ciebie sp\u00f3\u0142k\u0119 i przez 6 miesi\u0119cy od jej zarejestrowania zapewnimy Twojej Sp\u00f3\u0142ce r\u00f3wnie\u017c opiek\u0119 prawn\u0105 w zakresie spraw formalnych. Sprawd\u017a!\" \/>\n<meta property=\"og:url\" content=\"https:\/\/kar.slask.pl\/index.php\/produkt\/440\/\" \/>\n<meta property=\"og:site_name\" content=\"Kancelaria Adwokat\u00f3w i Radc\u00f3w Prawnych. Miodek i partnerzy\" \/>\n<meta property=\"article:publisher\" content=\"https:\/\/www.facebook.com\/AbonamentyPrawne\" \/>\n<meta property=\"article:modified_time\" content=\"2022-01-10T12:52:22+00:00\" \/>\n<meta property=\"og:image\" content=\"https:\/\/i0.wp.com\/kar.slask.pl\/wp-content\/uploads\/2021\/09\/SpAlL\u201aka.jpg?fit=801%2C788&ssl=1\" \/>\n\t<meta property=\"og:image:width\" content=\"801\" \/>\n\t<meta property=\"og:image:height\" content=\"788\" \/>\n\t<meta property=\"og:image:type\" content=\"image\/jpeg\" \/>\n<meta name=\"twitter:card\" content=\"summary_large_image\" \/>\n<meta name=\"twitter:label1\" content=\"Szacowany czas czytania\" \/>\n\t<meta name=\"twitter:data1\" content=\"4 minuty\" \/>\n<script type=\"application\/ld+json\" class=\"yoast-schema-graph\">{\"@context\":\"https:\\\/\\\/schema.org\",\"@graph\":[{\"@type\":\"WebPage\",\"@id\":\"https:\\\/\\\/kar.slask.pl\\\/index.php\\\/produkt\\\/440\\\/\",\"url\":\"https:\\\/\\\/kar.slask.pl\\\/index.php\\\/produkt\\\/440\\\/\",\"name\":\"Sp\u00f3\u0142ka z ograniczon\u0105 odpowiedzialno\u015bci\u0105 - Kancelaria Adwokat\u00f3w i Radc\u00f3w Prawnych. Miodek i partnerzy\",\"isPartOf\":{\"@id\":\"https:\\\/\\\/kar.slask.pl\\\/#website\"},\"primaryImageOfPage\":{\"@id\":\"https:\\\/\\\/kar.slask.pl\\\/index.php\\\/produkt\\\/440\\\/#primaryimage\"},\"image\":{\"@id\":\"https:\\\/\\\/kar.slask.pl\\\/index.php\\\/produkt\\\/440\\\/#primaryimage\"},\"thumbnailUrl\":\"https:\\\/\\\/i0.wp.com\\\/kar.slask.pl\\\/wp-content\\\/uploads\\\/2021\\\/09\\\/SpAlL%E2%80%9Aka.jpg?fit=801%2C788&ssl=1\",\"datePublished\":\"2021-09-27T17:57:12+00:00\",\"dateModified\":\"2022-01-10T12:52:22+00:00\",\"breadcrumb\":{\"@id\":\"https:\\\/\\\/kar.slask.pl\\\/index.php\\\/produkt\\\/440\\\/#breadcrumb\"},\"inLanguage\":\"pl-PL\",\"potentialAction\":[{\"@type\":\"ReadAction\",\"target\":[\"https:\\\/\\\/kar.slask.pl\\\/index.php\\\/produkt\\\/440\\\/\"]}]},{\"@type\":\"ImageObject\",\"inLanguage\":\"pl-PL\",\"@id\":\"https:\\\/\\\/kar.slask.pl\\\/index.php\\\/produkt\\\/440\\\/#primaryimage\",\"url\":\"https:\\\/\\\/i0.wp.com\\\/kar.slask.pl\\\/wp-content\\\/uploads\\\/2021\\\/09\\\/SpAlL%E2%80%9Aka.jpg?fit=801%2C788&ssl=1\",\"contentUrl\":\"https:\\\/\\\/i0.wp.com\\\/kar.slask.pl\\\/wp-content\\\/uploads\\\/2021\\\/09\\\/SpAlL%E2%80%9Aka.jpg?fit=801%2C788&ssl=1\",\"width\":801,\"height\":788,\"caption\":\"KAR. MiP\"},{\"@type\":\"BreadcrumbList\",\"@id\":\"https:\\\/\\\/kar.slask.pl\\\/index.php\\\/produkt\\\/440\\\/#breadcrumb\",\"itemListElement\":[{\"@type\":\"ListItem\",\"position\":1,\"name\":\"Strona g\u0142\u00f3wna\",\"item\":\"https:\\\/\\\/kar.slask.pl\\\/\"},{\"@type\":\"ListItem\",\"position\":2,\"name\":\"Sklep\",\"item\":\"https:\\\/\\\/kar.slask.pl\\\/index.php\\\/sklep\\\/\"},{\"@type\":\"ListItem\",\"position\":3,\"name\":\"Sp\u00f3\u0142ka z ograniczon\u0105 odpowiedzialno\u015bci\u0105\"}]},{\"@type\":\"WebSite\",\"@id\":\"https:\\\/\\\/kar.slask.pl\\\/#website\",\"url\":\"https:\\\/\\\/kar.slask.pl\\\/\",\"name\":\"Kancelaria Adwokat\u00f3w i Radc\u00f3w Prawnych. Miodek i partnerzy\",\"description\":\"Jak ty wybierasz prawnika?\",\"publisher\":{\"@id\":\"https:\\\/\\\/kar.slask.pl\\\/#organization\"},\"potentialAction\":[{\"@type\":\"SearchAction\",\"target\":{\"@type\":\"EntryPoint\",\"urlTemplate\":\"https:\\\/\\\/kar.slask.pl\\\/?s={search_term_string}\"},\"query-input\":{\"@type\":\"PropertyValueSpecification\",\"valueRequired\":true,\"valueName\":\"search_term_string\"}}],\"inLanguage\":\"pl-PL\"},{\"@type\":\"Organization\",\"@id\":\"https:\\\/\\\/kar.slask.pl\\\/#organization\",\"name\":\"Kancelaria Adwokat\u00f3w i Radc\u00f3w Prawnych. Miodek i partnerzy\",\"url\":\"https:\\\/\\\/kar.slask.pl\\\/\",\"logo\":{\"@type\":\"ImageObject\",\"inLanguage\":\"pl-PL\",\"@id\":\"https:\\\/\\\/kar.slask.pl\\\/#\\\/schema\\\/logo\\\/image\\\/\",\"url\":\"https:\\\/\\\/i0.wp.com\\\/kar.slask.pl\\\/wp-content\\\/uploads\\\/2022\\\/01\\\/KAR-logo_pionowe_BLACK.png?fit=811%2C375&ssl=1\",\"contentUrl\":\"https:\\\/\\\/i0.wp.com\\\/kar.slask.pl\\\/wp-content\\\/uploads\\\/2022\\\/01\\\/KAR-logo_pionowe_BLACK.png?fit=811%2C375&ssl=1\",\"width\":811,\"height\":375,\"caption\":\"Kancelaria Adwokat\u00f3w i Radc\u00f3w Prawnych. Miodek i partnerzy\"},\"image\":{\"@id\":\"https:\\\/\\\/kar.slask.pl\\\/#\\\/schema\\\/logo\\\/image\\\/\"},\"sameAs\":[\"https:\\\/\\\/www.facebook.com\\\/AbonamentyPrawne\",\"https:\\\/\\\/www.linkedin.com\\\/company\\\/23680625\"]}]}<\/script>\n<!-- \/ Yoast SEO plugin. -->","yoast_head_json":{"title":"Sp\u00f3\u0142ka z ograniczon\u0105 odpowiedzialno\u015bci\u0105 - Kancelaria Adwokat\u00f3w i Radc\u00f3w Prawnych. Miodek i partnerzy","robots":{"index":"index","follow":"follow","max-snippet":"max-snippet:-1","max-image-preview":"max-image-preview:large","max-video-preview":"max-video-preview:-1"},"canonical":"https:\/\/kar.slask.pl\/index.php\/produkt\/440\/","og_locale":"pl_PL","og_type":"article","og_title":"Sp\u00f3\u0142ka z ograniczon\u0105 odpowiedzialno\u015bci\u0105 - Kancelaria Adwokat\u00f3w i Radc\u00f3w Prawnych. Miodek i partnerzy","og_description":"Sp\u00f3\u0142ki z o.o. s\u0105 obecnie niezwykle popularne. Prawid\u0142owo prowadzone zapewniaj\u0105 spore bezpiecze\u0144stwo\u00a0 biznesu i korzystne warunki podatkowe. Je\u015bli zastanawiasz si\u0119 nad za\u0142o\u017ceniem sp\u00f3\u0142ki, a nie masz du\u017cego do\u015bwiadczenia w jej zak\u0142adaniu i prowadzeniu to nasz produkt jest dla Ciebie! Za\u0142o\u017cymy dla Ciebie sp\u00f3\u0142k\u0119 i przez 6 miesi\u0119cy od jej zarejestrowania zapewnimy Twojej Sp\u00f3\u0142ce r\u00f3wnie\u017c opiek\u0119 prawn\u0105 w zakresie spraw formalnych. Sprawd\u017a!","og_url":"https:\/\/kar.slask.pl\/index.php\/produkt\/440\/","og_site_name":"Kancelaria Adwokat\u00f3w i Radc\u00f3w Prawnych. Miodek i partnerzy","article_publisher":"https:\/\/www.facebook.com\/AbonamentyPrawne","article_modified_time":"2022-01-10T12:52:22+00:00","og_image":[{"width":801,"height":788,"url":"https:\/\/i0.wp.com\/kar.slask.pl\/wp-content\/uploads\/2021\/09\/SpAlL\u201aka.jpg?fit=801%2C788&ssl=1","type":"image\/jpeg"}],"twitter_card":"summary_large_image","twitter_misc":{"Szacowany czas czytania":"4 minuty"},"schema":{"@context":"https:\/\/schema.org","@graph":[{"@type":"WebPage","@id":"https:\/\/kar.slask.pl\/index.php\/produkt\/440\/","url":"https:\/\/kar.slask.pl\/index.php\/produkt\/440\/","name":"Sp\u00f3\u0142ka z ograniczon\u0105 odpowiedzialno\u015bci\u0105 - Kancelaria Adwokat\u00f3w i Radc\u00f3w Prawnych. Miodek i partnerzy","isPartOf":{"@id":"https:\/\/kar.slask.pl\/#website"},"primaryImageOfPage":{"@id":"https:\/\/kar.slask.pl\/index.php\/produkt\/440\/#primaryimage"},"image":{"@id":"https:\/\/kar.slask.pl\/index.php\/produkt\/440\/#primaryimage"},"thumbnailUrl":"https:\/\/i0.wp.com\/kar.slask.pl\/wp-content\/uploads\/2021\/09\/SpAlL%E2%80%9Aka.jpg?fit=801%2C788&ssl=1","datePublished":"2021-09-27T17:57:12+00:00","dateModified":"2022-01-10T12:52:22+00:00","breadcrumb":{"@id":"https:\/\/kar.slask.pl\/index.php\/produkt\/440\/#breadcrumb"},"inLanguage":"pl-PL","potentialAction":[{"@type":"ReadAction","target":["https:\/\/kar.slask.pl\/index.php\/produkt\/440\/"]}]},{"@type":"ImageObject","inLanguage":"pl-PL","@id":"https:\/\/kar.slask.pl\/index.php\/produkt\/440\/#primaryimage","url":"https:\/\/i0.wp.com\/kar.slask.pl\/wp-content\/uploads\/2021\/09\/SpAlL%E2%80%9Aka.jpg?fit=801%2C788&ssl=1","contentUrl":"https:\/\/i0.wp.com\/kar.slask.pl\/wp-content\/uploads\/2021\/09\/SpAlL%E2%80%9Aka.jpg?fit=801%2C788&ssl=1","width":801,"height":788,"caption":"KAR. MiP"},{"@type":"BreadcrumbList","@id":"https:\/\/kar.slask.pl\/index.php\/produkt\/440\/#breadcrumb","itemListElement":[{"@type":"ListItem","position":1,"name":"Strona g\u0142\u00f3wna","item":"https:\/\/kar.slask.pl\/"},{"@type":"ListItem","position":2,"name":"Sklep","item":"https:\/\/kar.slask.pl\/index.php\/sklep\/"},{"@type":"ListItem","position":3,"name":"Sp\u00f3\u0142ka z ograniczon\u0105 odpowiedzialno\u015bci\u0105"}]},{"@type":"WebSite","@id":"https:\/\/kar.slask.pl\/#website","url":"https:\/\/kar.slask.pl\/","name":"Kancelaria Adwokat\u00f3w i Radc\u00f3w Prawnych. Miodek i partnerzy","description":"Jak ty wybierasz prawnika?","publisher":{"@id":"https:\/\/kar.slask.pl\/#organization"},"potentialAction":[{"@type":"SearchAction","target":{"@type":"EntryPoint","urlTemplate":"https:\/\/kar.slask.pl\/?s={search_term_string}"},"query-input":{"@type":"PropertyValueSpecification","valueRequired":true,"valueName":"search_term_string"}}],"inLanguage":"pl-PL"},{"@type":"Organization","@id":"https:\/\/kar.slask.pl\/#organization","name":"Kancelaria Adwokat\u00f3w i Radc\u00f3w Prawnych. Miodek i partnerzy","url":"https:\/\/kar.slask.pl\/","logo":{"@type":"ImageObject","inLanguage":"pl-PL","@id":"https:\/\/kar.slask.pl\/#\/schema\/logo\/image\/","url":"https:\/\/i0.wp.com\/kar.slask.pl\/wp-content\/uploads\/2022\/01\/KAR-logo_pionowe_BLACK.png?fit=811%2C375&ssl=1","contentUrl":"https:\/\/i0.wp.com\/kar.slask.pl\/wp-content\/uploads\/2022\/01\/KAR-logo_pionowe_BLACK.png?fit=811%2C375&ssl=1","width":811,"height":375,"caption":"Kancelaria Adwokat\u00f3w i Radc\u00f3w Prawnych. Miodek i partnerzy"},"image":{"@id":"https:\/\/kar.slask.pl\/#\/schema\/logo\/image\/"},"sameAs":["https:\/\/www.facebook.com\/AbonamentyPrawne","https:\/\/www.linkedin.com\/company\/23680625"]}]}},"jetpack_publicize_connections":[],"jetpack_sharing_enabled":true,"_links":{"self":[{"href":"https:\/\/kar.slask.pl\/index.php\/wp-json\/wp\/v2\/product\/440","targetHints":{"allow":["GET"]}}],"collection":[{"href":"https:\/\/kar.slask.pl\/index.php\/wp-json\/wp\/v2\/product"}],"about":[{"href":"https:\/\/kar.slask.pl\/index.php\/wp-json\/wp\/v2\/types\/product"}],"replies":[{"embeddable":true,"href":"https:\/\/kar.slask.pl\/index.php\/wp-json\/wp\/v2\/comments?post=440"}],"wp:featuredmedia":[{"embeddable":true,"href":"https:\/\/kar.slask.pl\/index.php\/wp-json\/wp\/v2\/media\/441"}],"wp:attachment":[{"href":"https:\/\/kar.slask.pl\/index.php\/wp-json\/wp\/v2\/media?parent=440"}],"wp:term":[{"taxonomy":"product_brand","embeddable":true,"href":"https:\/\/kar.slask.pl\/index.php\/wp-json\/wp\/v2\/product_brand?post=440"},{"taxonomy":"product_cat","embeddable":true,"href":"https:\/\/kar.slask.pl\/index.php\/wp-json\/wp\/v2\/product_cat?post=440"},{"taxonomy":"product_tag","embeddable":true,"href":"https:\/\/kar.slask.pl\/index.php\/wp-json\/wp\/v2\/product_tag?post=440"}],"curies":[{"name":"wp","href":"https:\/\/api.w.org\/{rel}","templated":true}]}}