{"id":433,"date":"2021-09-27T19:37:16","date_gmt":"2021-09-27T17:37:16","guid":{"rendered":"https:\/\/kar.slask.pl\/?post_type=product&#038;p=433"},"modified":"2022-01-08T23:19:37","modified_gmt":"2022-01-08T22:19:37","slug":"konsultacja-zdalna","status":"publish","type":"product","link":"https:\/\/kar.slask.pl\/index.php\/produkt\/konsultacja-zdalna\/","title":{"rendered":"Konsultacja zdalna"},"content":{"rendered":"<p><span style=\"font-size: 16px;\">Konsultacja przy u\u017cyciu zdalnych \u015brodk\u00f3w komunikacji np. telefonu, aplikacji zoom lub whatsApp.<\/span><\/p>\n<div class=\"elementor elementor-488\" data-elementor-type=\"wp-post\" data-elementor-id=\"488\" data-elementor-settings=\"[]\">\n<div class=\"elementor-inner\">\n<div class=\"elementor-section-wrap\">\n<section class=\"elementor-element elementor-element-d17a14a elementor-section-boxed elementor-section-height-default elementor-section-height-default elementor-section elementor-top-section\" data-id=\"d17a14a\" data-element_type=\"section\">\n<div class=\"elementor-container elementor-column-gap-default\">\n<div class=\"elementor-row\">\n<div class=\"elementor-element elementor-element-1cc02f5 elementor-column elementor-col-100 elementor-top-column\" data-id=\"1cc02f5\" data-element_type=\"column\">\n<div class=\"elementor-column-wrap elementor-element-populated\">\n<div class=\"elementor-widget-wrap\">\n<div class=\"elementor-element elementor-element-27383dd elementor-widget elementor-widget-heading\" data-id=\"27383dd\" data-element_type=\"widget\" data-widget_type=\"heading.default\">\n<div class=\"elementor-widget-container\">\n<h2 class=\"elementor-heading-title elementor-size-default\">Jak to dzia\u0142a<\/h2>\n<\/div>\n<\/div>\n<div class=\"elementor-element elementor-element-b3e6ad1 elementor-widget elementor-widget-text-editor\" data-id=\"b3e6ad1\" data-element_type=\"widget\" data-widget_type=\"text-editor.default\">\n<div class=\"elementor-widget-container\">\n<div class=\"elementor-text-editor elementor-clearfix\">\n<p>Kupujesz us\u0142ug\u0119 a my kontaktujemy si\u0119 z Tob\u0105 w celu ustalenia szczeg\u00f3\u0142\u00f3w takich jak termin i godzina rozmowy, a tak\u017ce spos\u00f3b jej przeprowadzenia. Zapytamy r\u00f3wnie\u017c o to czego problem dotyczy, \u017ceby wybra\u0107 w\u0142a\u015bciwego specjalist\u0119.<\/p>\n<p>Konsultacja obydwa si\u0119 w wyznaczonym terminie i trwa do 30 minut. Po rozmowie dostaniesz od nas r\u00f3wnie\u017c informacje z podsumowaniem rozmowy, w kt\u00f3rej zawrzemy opis problemu oraz udzielonej porady.<\/p>\n<\/div>\n<\/div>\n<\/div>\n<\/div>\n<\/div>\n<\/div>\n<\/div>\n<\/div>\n<\/section>\n<section class=\"elementor-element elementor-element-3941989 elementor-section-boxed elementor-section-height-default elementor-section-height-default elementor-section elementor-top-section\" data-id=\"3941989\" data-element_type=\"section\">\n<div class=\"elementor-container elementor-column-gap-default\">\n<div class=\"elementor-row\">\n<div class=\"elementor-element elementor-element-c85c4e1 elementor-column elementor-col-100 elementor-top-column\" data-id=\"c85c4e1\" data-element_type=\"column\">\n<div class=\"elementor-column-wrap elementor-element-populated\">\n<div class=\"elementor-widget-wrap\">\n<div class=\"elementor-element elementor-element-9a4cff4 elementor-widget elementor-widget-heading\" data-id=\"9a4cff4\" data-element_type=\"widget\" data-widget_type=\"heading.default\">\n<div class=\"elementor-widget-container\">\n<h2 class=\"elementor-heading-title elementor-size-default\">Dlaczego nasza us\u0142uga<\/h2>\n<\/div>\n<\/div>\n<div class=\"elementor-element elementor-element-4067e45 elementor-widget elementor-widget-text-editor\" data-id=\"4067e45\" data-element_type=\"widget\" data-widget_type=\"text-editor.default\">\n<div class=\"elementor-widget-container\">\n<div class=\"elementor-text-editor elementor-clearfix\">\n<ul>\n<li>zawsze znasz z imienia i nazwiska radc\u0119 prawnego lub adwokata udzielaj\u0105cego konsultacji<\/li>\n<li>otrzymujesz jej podsumowanie \u2013 nie musisz martwi\u0107 si\u0119, \u017ce czego\u015b nie zapami\u0119tasz czy nie zrozumiesz<\/li>\n<li>masz dost\u0119p\u00a0 do udzielonej porad co najmniej przez 6 miesi\u0119cy od dnia jej udzielenie za po\u015brednictwem swojego konta<\/li>\n<li>przed zrealizowaniem us\u0142ugi mo\u017cesz z niej zrezygnowa\u0107 otrzymuj\u0105c zwrot uiszczonej nale\u017cno\u015bci<\/li>\n<li>wszystkie informacje jakie nam przekazujesz s\u0105 obj\u0119te chronion\u0105\u00a0<b><u>tajemnic\u0105 zawodow\u0105 adwokat\u00f3w i radc\u00f3w prawnych<\/u><\/b><\/li>\n<\/ul>\n<div><\/div>\n<\/div>\n<\/div>\n<\/div>\n<\/div>\n<\/div>\n<\/div>\n<\/div>\n<\/div>\n<\/section>\n<\/div>\n<\/div>\n<\/div>\n","protected":false},"excerpt":{"rendered":"<p>Potrzebujesz szybkiej porady prawnej bez wychodzenia z domu czy firmy? Konsultacje zdalne to w\u0142a\u015bnie odpowied\u017a na te potrzeby.<\/p>\n","protected":false},"featured_media":436,"comment_status":"open","ping_status":"closed","template":"","meta":{"jetpack_publicize_message":"","jetpack_publicize_feature_enabled":true,"jetpack_social_post_already_shared":false,"jetpack_social_options":{"image_generator_settings":{"template":"highway","default_image_id":0,"font":"","enabled":false},"version":2}},"product_brand":[],"product_cat":[30],"product_tag":[],"class_list":{"0":"post-433","1":"product","2":"type-product","3":"status-publish","4":"has-post-thumbnail","6":"product_cat-bez-kategorii","8":"first","9":"instock","10":"taxable","11":"shipping-taxable","12":"purchasable","13":"product-type-variable"},"yoast_head":"<!-- This site is optimized with the Yoast SEO plugin v27.5 - https:\/\/yoast.com\/product\/yoast-seo-wordpress\/ -->\n<title>Konsultacja zdalna - Kancelaria Adwokat\u00f3w i Radc\u00f3w Prawnych. Miodek i partnerzy<\/title>\n<meta name=\"robots\" content=\"index, follow, max-snippet:-1, max-image-preview:large, max-video-preview:-1\" \/>\n<link rel=\"canonical\" href=\"https:\/\/kar.slask.pl\/index.php\/produkt\/konsultacja-zdalna\/\" \/>\n<meta property=\"og:locale\" content=\"pl_PL\" \/>\n<meta property=\"og:type\" content=\"article\" \/>\n<meta property=\"og:title\" content=\"Konsultacja zdalna - Kancelaria Adwokat\u00f3w i Radc\u00f3w Prawnych. Miodek i partnerzy\" \/>\n<meta property=\"og:description\" content=\"Potrzebujesz szybkiej porady prawnej bez wychodzenia z domu czy firmy? Konsultacje zdalne to w\u0142a\u015bnie odpowied\u017a na te potrzeby.\" \/>\n<meta property=\"og:url\" content=\"https:\/\/kar.slask.pl\/index.php\/produkt\/konsultacja-zdalna\/\" \/>\n<meta property=\"og:site_name\" content=\"Kancelaria Adwokat\u00f3w i Radc\u00f3w Prawnych. Miodek i partnerzy\" \/>\n<meta property=\"article:publisher\" content=\"https:\/\/www.facebook.com\/AbonamentyPrawne\" \/>\n<meta property=\"article:modified_time\" content=\"2022-01-08T22:19:37+00:00\" \/>\n<meta property=\"og:image\" content=\"https:\/\/i0.wp.com\/kar.slask.pl\/wp-content\/uploads\/2021\/09\/Konsultacje-zdalne-300x300-1.png?fit=300%2C300&ssl=1\" \/>\n\t<meta property=\"og:image:width\" content=\"300\" \/>\n\t<meta property=\"og:image:height\" content=\"300\" \/>\n\t<meta property=\"og:image:type\" content=\"image\/png\" \/>\n<meta name=\"twitter:card\" content=\"summary_large_image\" \/>\n<meta name=\"twitter:label1\" content=\"Szacowany czas czytania\" \/>\n\t<meta name=\"twitter:data1\" content=\"1 minuta\" \/>\n<script type=\"application\/ld+json\" class=\"yoast-schema-graph\">{\"@context\":\"https:\\\/\\\/schema.org\",\"@graph\":[{\"@type\":\"WebPage\",\"@id\":\"https:\\\/\\\/kar.slask.pl\\\/index.php\\\/produkt\\\/konsultacja-zdalna\\\/\",\"url\":\"https:\\\/\\\/kar.slask.pl\\\/index.php\\\/produkt\\\/konsultacja-zdalna\\\/\",\"name\":\"Konsultacja zdalna - Kancelaria Adwokat\u00f3w i Radc\u00f3w Prawnych. Miodek i partnerzy\",\"isPartOf\":{\"@id\":\"https:\\\/\\\/kar.slask.pl\\\/#website\"},\"primaryImageOfPage\":{\"@id\":\"https:\\\/\\\/kar.slask.pl\\\/index.php\\\/produkt\\\/konsultacja-zdalna\\\/#primaryimage\"},\"image\":{\"@id\":\"https:\\\/\\\/kar.slask.pl\\\/index.php\\\/produkt\\\/konsultacja-zdalna\\\/#primaryimage\"},\"thumbnailUrl\":\"https:\\\/\\\/i0.wp.com\\\/kar.slask.pl\\\/wp-content\\\/uploads\\\/2021\\\/09\\\/Konsultacje-zdalne-300x300-1.png?fit=300%2C300&ssl=1\",\"datePublished\":\"2021-09-27T17:37:16+00:00\",\"dateModified\":\"2022-01-08T22:19:37+00:00\",\"breadcrumb\":{\"@id\":\"https:\\\/\\\/kar.slask.pl\\\/index.php\\\/produkt\\\/konsultacja-zdalna\\\/#breadcrumb\"},\"inLanguage\":\"pl-PL\",\"potentialAction\":[{\"@type\":\"ReadAction\",\"target\":[\"https:\\\/\\\/kar.slask.pl\\\/index.php\\\/produkt\\\/konsultacja-zdalna\\\/\"]}]},{\"@type\":\"ImageObject\",\"inLanguage\":\"pl-PL\",\"@id\":\"https:\\\/\\\/kar.slask.pl\\\/index.php\\\/produkt\\\/konsultacja-zdalna\\\/#primaryimage\",\"url\":\"https:\\\/\\\/i0.wp.com\\\/kar.slask.pl\\\/wp-content\\\/uploads\\\/2021\\\/09\\\/Konsultacje-zdalne-300x300-1.png?fit=300%2C300&ssl=1\",\"contentUrl\":\"https:\\\/\\\/i0.wp.com\\\/kar.slask.pl\\\/wp-content\\\/uploads\\\/2021\\\/09\\\/Konsultacje-zdalne-300x300-1.png?fit=300%2C300&ssl=1\",\"width\":300,\"height\":300,\"caption\":\"KAR. MiP\"},{\"@type\":\"BreadcrumbList\",\"@id\":\"https:\\\/\\\/kar.slask.pl\\\/index.php\\\/produkt\\\/konsultacja-zdalna\\\/#breadcrumb\",\"itemListElement\":[{\"@type\":\"ListItem\",\"position\":1,\"name\":\"Strona g\u0142\u00f3wna\",\"item\":\"https:\\\/\\\/kar.slask.pl\\\/\"},{\"@type\":\"ListItem\",\"position\":2,\"name\":\"Sklep\",\"item\":\"https:\\\/\\\/kar.slask.pl\\\/index.php\\\/sklep\\\/\"},{\"@type\":\"ListItem\",\"position\":3,\"name\":\"Konsultacja zdalna\"}]},{\"@type\":\"WebSite\",\"@id\":\"https:\\\/\\\/kar.slask.pl\\\/#website\",\"url\":\"https:\\\/\\\/kar.slask.pl\\\/\",\"name\":\"Kancelaria Adwokat\u00f3w i Radc\u00f3w Prawnych. Miodek i partnerzy\",\"description\":\"Jak ty wybierasz prawnika?\",\"publisher\":{\"@id\":\"https:\\\/\\\/kar.slask.pl\\\/#organization\"},\"potentialAction\":[{\"@type\":\"SearchAction\",\"target\":{\"@type\":\"EntryPoint\",\"urlTemplate\":\"https:\\\/\\\/kar.slask.pl\\\/?s={search_term_string}\"},\"query-input\":{\"@type\":\"PropertyValueSpecification\",\"valueRequired\":true,\"valueName\":\"search_term_string\"}}],\"inLanguage\":\"pl-PL\"},{\"@type\":\"Organization\",\"@id\":\"https:\\\/\\\/kar.slask.pl\\\/#organization\",\"name\":\"Kancelaria Adwokat\u00f3w i Radc\u00f3w Prawnych. Miodek i partnerzy\",\"url\":\"https:\\\/\\\/kar.slask.pl\\\/\",\"logo\":{\"@type\":\"ImageObject\",\"inLanguage\":\"pl-PL\",\"@id\":\"https:\\\/\\\/kar.slask.pl\\\/#\\\/schema\\\/logo\\\/image\\\/\",\"url\":\"https:\\\/\\\/i0.wp.com\\\/kar.slask.pl\\\/wp-content\\\/uploads\\\/2022\\\/01\\\/KAR-logo_pionowe_BLACK.png?fit=811%2C375&ssl=1\",\"contentUrl\":\"https:\\\/\\\/i0.wp.com\\\/kar.slask.pl\\\/wp-content\\\/uploads\\\/2022\\\/01\\\/KAR-logo_pionowe_BLACK.png?fit=811%2C375&ssl=1\",\"width\":811,\"height\":375,\"caption\":\"Kancelaria Adwokat\u00f3w i Radc\u00f3w Prawnych. Miodek i partnerzy\"},\"image\":{\"@id\":\"https:\\\/\\\/kar.slask.pl\\\/#\\\/schema\\\/logo\\\/image\\\/\"},\"sameAs\":[\"https:\\\/\\\/www.facebook.com\\\/AbonamentyPrawne\",\"https:\\\/\\\/www.linkedin.com\\\/company\\\/23680625\"]}]}<\/script>\n<!-- \/ Yoast SEO plugin. -->","yoast_head_json":{"title":"Konsultacja zdalna - Kancelaria Adwokat\u00f3w i Radc\u00f3w Prawnych. Miodek i partnerzy","robots":{"index":"index","follow":"follow","max-snippet":"max-snippet:-1","max-image-preview":"max-image-preview:large","max-video-preview":"max-video-preview:-1"},"canonical":"https:\/\/kar.slask.pl\/index.php\/produkt\/konsultacja-zdalna\/","og_locale":"pl_PL","og_type":"article","og_title":"Konsultacja zdalna - Kancelaria Adwokat\u00f3w i Radc\u00f3w Prawnych. Miodek i partnerzy","og_description":"Potrzebujesz szybkiej porady prawnej bez wychodzenia z domu czy firmy? Konsultacje zdalne to w\u0142a\u015bnie odpowied\u017a na te potrzeby.","og_url":"https:\/\/kar.slask.pl\/index.php\/produkt\/konsultacja-zdalna\/","og_site_name":"Kancelaria Adwokat\u00f3w i Radc\u00f3w Prawnych. Miodek i partnerzy","article_publisher":"https:\/\/www.facebook.com\/AbonamentyPrawne","article_modified_time":"2022-01-08T22:19:37+00:00","og_image":[{"width":300,"height":300,"url":"https:\/\/i0.wp.com\/kar.slask.pl\/wp-content\/uploads\/2021\/09\/Konsultacje-zdalne-300x300-1.png?fit=300%2C300&ssl=1","type":"image\/png"}],"twitter_card":"summary_large_image","twitter_misc":{"Szacowany czas czytania":"1 minuta"},"schema":{"@context":"https:\/\/schema.org","@graph":[{"@type":"WebPage","@id":"https:\/\/kar.slask.pl\/index.php\/produkt\/konsultacja-zdalna\/","url":"https:\/\/kar.slask.pl\/index.php\/produkt\/konsultacja-zdalna\/","name":"Konsultacja zdalna - Kancelaria Adwokat\u00f3w i Radc\u00f3w Prawnych. Miodek i partnerzy","isPartOf":{"@id":"https:\/\/kar.slask.pl\/#website"},"primaryImageOfPage":{"@id":"https:\/\/kar.slask.pl\/index.php\/produkt\/konsultacja-zdalna\/#primaryimage"},"image":{"@id":"https:\/\/kar.slask.pl\/index.php\/produkt\/konsultacja-zdalna\/#primaryimage"},"thumbnailUrl":"https:\/\/i0.wp.com\/kar.slask.pl\/wp-content\/uploads\/2021\/09\/Konsultacje-zdalne-300x300-1.png?fit=300%2C300&ssl=1","datePublished":"2021-09-27T17:37:16+00:00","dateModified":"2022-01-08T22:19:37+00:00","breadcrumb":{"@id":"https:\/\/kar.slask.pl\/index.php\/produkt\/konsultacja-zdalna\/#breadcrumb"},"inLanguage":"pl-PL","potentialAction":[{"@type":"ReadAction","target":["https:\/\/kar.slask.pl\/index.php\/produkt\/konsultacja-zdalna\/"]}]},{"@type":"ImageObject","inLanguage":"pl-PL","@id":"https:\/\/kar.slask.pl\/index.php\/produkt\/konsultacja-zdalna\/#primaryimage","url":"https:\/\/i0.wp.com\/kar.slask.pl\/wp-content\/uploads\/2021\/09\/Konsultacje-zdalne-300x300-1.png?fit=300%2C300&ssl=1","contentUrl":"https:\/\/i0.wp.com\/kar.slask.pl\/wp-content\/uploads\/2021\/09\/Konsultacje-zdalne-300x300-1.png?fit=300%2C300&ssl=1","width":300,"height":300,"caption":"KAR. MiP"},{"@type":"BreadcrumbList","@id":"https:\/\/kar.slask.pl\/index.php\/produkt\/konsultacja-zdalna\/#breadcrumb","itemListElement":[{"@type":"ListItem","position":1,"name":"Strona g\u0142\u00f3wna","item":"https:\/\/kar.slask.pl\/"},{"@type":"ListItem","position":2,"name":"Sklep","item":"https:\/\/kar.slask.pl\/index.php\/sklep\/"},{"@type":"ListItem","position":3,"name":"Konsultacja zdalna"}]},{"@type":"WebSite","@id":"https:\/\/kar.slask.pl\/#website","url":"https:\/\/kar.slask.pl\/","name":"Kancelaria Adwokat\u00f3w i Radc\u00f3w Prawnych. Miodek i partnerzy","description":"Jak ty wybierasz prawnika?","publisher":{"@id":"https:\/\/kar.slask.pl\/#organization"},"potentialAction":[{"@type":"SearchAction","target":{"@type":"EntryPoint","urlTemplate":"https:\/\/kar.slask.pl\/?s={search_term_string}"},"query-input":{"@type":"PropertyValueSpecification","valueRequired":true,"valueName":"search_term_string"}}],"inLanguage":"pl-PL"},{"@type":"Organization","@id":"https:\/\/kar.slask.pl\/#organization","name":"Kancelaria Adwokat\u00f3w i Radc\u00f3w Prawnych. Miodek i partnerzy","url":"https:\/\/kar.slask.pl\/","logo":{"@type":"ImageObject","inLanguage":"pl-PL","@id":"https:\/\/kar.slask.pl\/#\/schema\/logo\/image\/","url":"https:\/\/i0.wp.com\/kar.slask.pl\/wp-content\/uploads\/2022\/01\/KAR-logo_pionowe_BLACK.png?fit=811%2C375&ssl=1","contentUrl":"https:\/\/i0.wp.com\/kar.slask.pl\/wp-content\/uploads\/2022\/01\/KAR-logo_pionowe_BLACK.png?fit=811%2C375&ssl=1","width":811,"height":375,"caption":"Kancelaria Adwokat\u00f3w i Radc\u00f3w Prawnych. Miodek i partnerzy"},"image":{"@id":"https:\/\/kar.slask.pl\/#\/schema\/logo\/image\/"},"sameAs":["https:\/\/www.facebook.com\/AbonamentyPrawne","https:\/\/www.linkedin.com\/company\/23680625"]}]}},"jetpack_publicize_connections":[],"jetpack_sharing_enabled":true,"_links":{"self":[{"href":"https:\/\/kar.slask.pl\/index.php\/wp-json\/wp\/v2\/product\/433","targetHints":{"allow":["GET"]}}],"collection":[{"href":"https:\/\/kar.slask.pl\/index.php\/wp-json\/wp\/v2\/product"}],"about":[{"href":"https:\/\/kar.slask.pl\/index.php\/wp-json\/wp\/v2\/types\/product"}],"replies":[{"embeddable":true,"href":"https:\/\/kar.slask.pl\/index.php\/wp-json\/wp\/v2\/comments?post=433"}],"wp:featuredmedia":[{"embeddable":true,"href":"https:\/\/kar.slask.pl\/index.php\/wp-json\/wp\/v2\/media\/436"}],"wp:attachment":[{"href":"https:\/\/kar.slask.pl\/index.php\/wp-json\/wp\/v2\/media?parent=433"}],"wp:term":[{"taxonomy":"product_brand","embeddable":true,"href":"https:\/\/kar.slask.pl\/index.php\/wp-json\/wp\/v2\/product_brand?post=433"},{"taxonomy":"product_cat","embeddable":true,"href":"https:\/\/kar.slask.pl\/index.php\/wp-json\/wp\/v2\/product_cat?post=433"},{"taxonomy":"product_tag","embeddable":true,"href":"https:\/\/kar.slask.pl\/index.php\/wp-json\/wp\/v2\/product_tag?post=433"}],"curies":[{"name":"wp","href":"https:\/\/api.w.org\/{rel}","templated":true}]}}