{"id":512,"date":"2022-01-08T19:51:47","date_gmt":"2022-01-08T18:51:47","guid":{"rendered":"https:\/\/kar.slask.pl\/index.php\/polityka-plikow-cookies-eu\/"},"modified":"2022-01-08T19:51:49","modified_gmt":"2022-01-08T18:51:49","slug":"polityka-plikow-cookies-eu","status":"publish","type":"page","link":"https:\/\/kar.slask.pl\/index.php\/polityka-plikow-cookies-eu\/","title":{"rendered":"Polityka plik\u00f3w cookies (EU)"},"content":{"rendered":"<p>[cmplz-document type=&#8221;cookie-statement&#8221; region=&#8221;eu&#8221;]<\/p>\n","protected":false},"excerpt":{"rendered":"<p>[cmplz-document type=&#8221;cookie-statement&#8221; region=&#8221;eu&#8221;]<\/p>\n","protected":false},"author":1,"featured_media":0,"parent":0,"menu_order":0,"comment_status":"closed","ping_status":"closed","template":"","meta":{"footnotes":""},"class_list":["post-512","page","type-page","status-publish","hentry"],"yoast_head":"<!-- This site is optimized with the Yoast SEO plugin v27.5 - https:\/\/yoast.com\/product\/yoast-seo-wordpress\/ -->\n<title>Polityka plik\u00f3w cookies (EU) - Kancelaria Adwokat\u00f3w i Radc\u00f3w Prawnych. Miodek i partnerzy<\/title>\n<meta name=\"robots\" content=\"index, follow, max-snippet:-1, max-image-preview:large, max-video-preview:-1\" \/>\n<link rel=\"canonical\" href=\"https:\/\/kar.slask.pl\/index.php\/polityka-plikow-cookies-eu\/\" \/>\n<meta property=\"og:locale\" content=\"pl_PL\" \/>\n<meta property=\"og:type\" content=\"article\" \/>\n<meta property=\"og:title\" content=\"Polityka plik\u00f3w cookies (EU) - Kancelaria Adwokat\u00f3w i Radc\u00f3w Prawnych. Miodek i partnerzy\" \/>\n<meta property=\"og:description\" content=\"[cmplz-document type=&#8221;cookie-statement&#8221; region=&#8221;eu&#8221;]\" \/>\n<meta property=\"og:url\" content=\"https:\/\/kar.slask.pl\/index.php\/polityka-plikow-cookies-eu\/\" \/>\n<meta property=\"og:site_name\" content=\"Kancelaria Adwokat\u00f3w i Radc\u00f3w Prawnych. Miodek i partnerzy\" \/>\n<meta property=\"article:publisher\" content=\"https:\/\/www.facebook.com\/AbonamentyPrawne\" \/>\n<meta property=\"article:modified_time\" content=\"2022-01-08T18:51:49+00:00\" \/>\n<meta name=\"twitter:card\" content=\"summary_large_image\" \/>\n<script type=\"application\/ld+json\" class=\"yoast-schema-graph\">{\"@context\":\"https:\\\/\\\/schema.org\",\"@graph\":[{\"@type\":\"WebPage\",\"@id\":\"https:\\\/\\\/kar.slask.pl\\\/index.php\\\/polityka-plikow-cookies-eu\\\/\",\"url\":\"https:\\\/\\\/kar.slask.pl\\\/index.php\\\/polityka-plikow-cookies-eu\\\/\",\"name\":\"Polityka plik\u00f3w cookies (EU) - Kancelaria Adwokat\u00f3w i Radc\u00f3w Prawnych. Miodek i partnerzy\",\"isPartOf\":{\"@id\":\"https:\\\/\\\/kar.slask.pl\\\/#website\"},\"datePublished\":\"2022-01-08T18:51:47+00:00\",\"dateModified\":\"2022-01-08T18:51:49+00:00\",\"breadcrumb\":{\"@id\":\"https:\\\/\\\/kar.slask.pl\\\/index.php\\\/polityka-plikow-cookies-eu\\\/#breadcrumb\"},\"inLanguage\":\"pl-PL\",\"potentialAction\":[{\"@type\":\"ReadAction\",\"target\":[\"https:\\\/\\\/kar.slask.pl\\\/index.php\\\/polityka-plikow-cookies-eu\\\/\"]}]},{\"@type\":\"BreadcrumbList\",\"@id\":\"https:\\\/\\\/kar.slask.pl\\\/index.php\\\/polityka-plikow-cookies-eu\\\/#breadcrumb\",\"itemListElement\":[{\"@type\":\"ListItem\",\"position\":1,\"name\":\"Strona g\u0142\u00f3wna\",\"item\":\"https:\\\/\\\/kar.slask.pl\\\/\"},{\"@type\":\"ListItem\",\"position\":2,\"name\":\"Polityka plik\u00f3w cookies (EU)\"}]},{\"@type\":\"WebSite\",\"@id\":\"https:\\\/\\\/kar.slask.pl\\\/#website\",\"url\":\"https:\\\/\\\/kar.slask.pl\\\/\",\"name\":\"Kancelaria Adwokat\u00f3w i Radc\u00f3w Prawnych. Miodek i partnerzy\",\"description\":\"Jak ty wybierasz prawnika?\",\"publisher\":{\"@id\":\"https:\\\/\\\/kar.slask.pl\\\/#organization\"},\"potentialAction\":[{\"@type\":\"SearchAction\",\"target\":{\"@type\":\"EntryPoint\",\"urlTemplate\":\"https:\\\/\\\/kar.slask.pl\\\/?s={search_term_string}\"},\"query-input\":{\"@type\":\"PropertyValueSpecification\",\"valueRequired\":true,\"valueName\":\"search_term_string\"}}],\"inLanguage\":\"pl-PL\"},{\"@type\":\"Organization\",\"@id\":\"https:\\\/\\\/kar.slask.pl\\\/#organization\",\"name\":\"Kancelaria Adwokat\u00f3w i Radc\u00f3w Prawnych. Miodek i partnerzy\",\"url\":\"https:\\\/\\\/kar.slask.pl\\\/\",\"logo\":{\"@type\":\"ImageObject\",\"inLanguage\":\"pl-PL\",\"@id\":\"https:\\\/\\\/kar.slask.pl\\\/#\\\/schema\\\/logo\\\/image\\\/\",\"url\":\"https:\\\/\\\/i0.wp.com\\\/kar.slask.pl\\\/wp-content\\\/uploads\\\/2022\\\/01\\\/KAR-logo_pionowe_BLACK.png?fit=811%2C375&ssl=1\",\"contentUrl\":\"https:\\\/\\\/i0.wp.com\\\/kar.slask.pl\\\/wp-content\\\/uploads\\\/2022\\\/01\\\/KAR-logo_pionowe_BLACK.png?fit=811%2C375&ssl=1\",\"width\":811,\"height\":375,\"caption\":\"Kancelaria Adwokat\u00f3w i Radc\u00f3w Prawnych. Miodek i partnerzy\"},\"image\":{\"@id\":\"https:\\\/\\\/kar.slask.pl\\\/#\\\/schema\\\/logo\\\/image\\\/\"},\"sameAs\":[\"https:\\\/\\\/www.facebook.com\\\/AbonamentyPrawne\",\"https:\\\/\\\/www.linkedin.com\\\/company\\\/23680625\"]}]}<\/script>\n<!-- \/ Yoast SEO plugin. -->","yoast_head_json":{"title":"Polityka plik\u00f3w cookies (EU) - Kancelaria Adwokat\u00f3w i Radc\u00f3w Prawnych. Miodek i partnerzy","robots":{"index":"index","follow":"follow","max-snippet":"max-snippet:-1","max-image-preview":"max-image-preview:large","max-video-preview":"max-video-preview:-1"},"canonical":"https:\/\/kar.slask.pl\/index.php\/polityka-plikow-cookies-eu\/","og_locale":"pl_PL","og_type":"article","og_title":"Polityka plik\u00f3w cookies (EU) - Kancelaria Adwokat\u00f3w i Radc\u00f3w Prawnych. Miodek i partnerzy","og_description":"[cmplz-document type=&#8221;cookie-statement&#8221; region=&#8221;eu&#8221;]","og_url":"https:\/\/kar.slask.pl\/index.php\/polityka-plikow-cookies-eu\/","og_site_name":"Kancelaria Adwokat\u00f3w i Radc\u00f3w Prawnych. Miodek i partnerzy","article_publisher":"https:\/\/www.facebook.com\/AbonamentyPrawne","article_modified_time":"2022-01-08T18:51:49+00:00","twitter_card":"summary_large_image","schema":{"@context":"https:\/\/schema.org","@graph":[{"@type":"WebPage","@id":"https:\/\/kar.slask.pl\/index.php\/polityka-plikow-cookies-eu\/","url":"https:\/\/kar.slask.pl\/index.php\/polityka-plikow-cookies-eu\/","name":"Polityka plik\u00f3w cookies (EU) - Kancelaria Adwokat\u00f3w i Radc\u00f3w Prawnych. Miodek i partnerzy","isPartOf":{"@id":"https:\/\/kar.slask.pl\/#website"},"datePublished":"2022-01-08T18:51:47+00:00","dateModified":"2022-01-08T18:51:49+00:00","breadcrumb":{"@id":"https:\/\/kar.slask.pl\/index.php\/polityka-plikow-cookies-eu\/#breadcrumb"},"inLanguage":"pl-PL","potentialAction":[{"@type":"ReadAction","target":["https:\/\/kar.slask.pl\/index.php\/polityka-plikow-cookies-eu\/"]}]},{"@type":"BreadcrumbList","@id":"https:\/\/kar.slask.pl\/index.php\/polityka-plikow-cookies-eu\/#breadcrumb","itemListElement":[{"@type":"ListItem","position":1,"name":"Strona g\u0142\u00f3wna","item":"https:\/\/kar.slask.pl\/"},{"@type":"ListItem","position":2,"name":"Polityka plik\u00f3w cookies (EU)"}]},{"@type":"WebSite","@id":"https:\/\/kar.slask.pl\/#website","url":"https:\/\/kar.slask.pl\/","name":"Kancelaria Adwokat\u00f3w i Radc\u00f3w Prawnych. Miodek i partnerzy","description":"Jak ty wybierasz prawnika?","publisher":{"@id":"https:\/\/kar.slask.pl\/#organization"},"potentialAction":[{"@type":"SearchAction","target":{"@type":"EntryPoint","urlTemplate":"https:\/\/kar.slask.pl\/?s={search_term_string}"},"query-input":{"@type":"PropertyValueSpecification","valueRequired":true,"valueName":"search_term_string"}}],"inLanguage":"pl-PL"},{"@type":"Organization","@id":"https:\/\/kar.slask.pl\/#organization","name":"Kancelaria Adwokat\u00f3w i Radc\u00f3w Prawnych. Miodek i partnerzy","url":"https:\/\/kar.slask.pl\/","logo":{"@type":"ImageObject","inLanguage":"pl-PL","@id":"https:\/\/kar.slask.pl\/#\/schema\/logo\/image\/","url":"https:\/\/i0.wp.com\/kar.slask.pl\/wp-content\/uploads\/2022\/01\/KAR-logo_pionowe_BLACK.png?fit=811%2C375&ssl=1","contentUrl":"https:\/\/i0.wp.com\/kar.slask.pl\/wp-content\/uploads\/2022\/01\/KAR-logo_pionowe_BLACK.png?fit=811%2C375&ssl=1","width":811,"height":375,"caption":"Kancelaria Adwokat\u00f3w i Radc\u00f3w Prawnych. Miodek i partnerzy"},"image":{"@id":"https:\/\/kar.slask.pl\/#\/schema\/logo\/image\/"},"sameAs":["https:\/\/www.facebook.com\/AbonamentyPrawne","https:\/\/www.linkedin.com\/company\/23680625"]}]}},"jetpack_sharing_enabled":true,"_links":{"self":[{"href":"https:\/\/kar.slask.pl\/index.php\/wp-json\/wp\/v2\/pages\/512","targetHints":{"allow":["GET"]}}],"collection":[{"href":"https:\/\/kar.slask.pl\/index.php\/wp-json\/wp\/v2\/pages"}],"about":[{"href":"https:\/\/kar.slask.pl\/index.php\/wp-json\/wp\/v2\/types\/page"}],"author":[{"embeddable":true,"href":"https:\/\/kar.slask.pl\/index.php\/wp-json\/wp\/v2\/users\/1"}],"replies":[{"embeddable":true,"href":"https:\/\/kar.slask.pl\/index.php\/wp-json\/wp\/v2\/comments?post=512"}],"version-history":[{"count":1,"href":"https:\/\/kar.slask.pl\/index.php\/wp-json\/wp\/v2\/pages\/512\/revisions"}],"predecessor-version":[{"id":513,"href":"https:\/\/kar.slask.pl\/index.php\/wp-json\/wp\/v2\/pages\/512\/revisions\/513"}],"wp:attachment":[{"href":"https:\/\/kar.slask.pl\/index.php\/wp-json\/wp\/v2\/media?parent=512"}],"curies":[{"name":"wp","href":"https:\/\/api.w.org\/{rel}","templated":true}]}}