{"id":185,"date":"2019-08-30T06:15:05","date_gmt":"2019-08-30T04:15:05","guid":{"rendered":"http:\/\/krystalwp.spiraclethemes.com\/demo13\/?page_id=185"},"modified":"2022-02-17T17:06:05","modified_gmt":"2022-02-17T16:06:05","slug":"kontakt","status":"publish","type":"page","link":"https:\/\/kar.slask.pl\/index.php\/kontakt\/","title":{"rendered":"Kontakt"},"content":{"rendered":"\t\t<div data-elementor-type=\"wp-post\" data-elementor-id=\"185\" class=\"elementor elementor-185\" data-elementor-post-type=\"page\">\n\t\t\t\t\t\t<section class=\"elementor-section elementor-top-section elementor-element elementor-element-3f083d91 elementor-section-boxed elementor-section-height-default elementor-section-height-default\" data-id=\"3f083d91\" data-element_type=\"section\" data-e-type=\"section\">\n\t\t\t\t\t\t<div class=\"elementor-container elementor-column-gap-default\">\n\t\t\t\t\t<div class=\"elementor-column elementor-col-100 elementor-top-column elementor-element elementor-element-5d1303b5\" data-id=\"5d1303b5\" data-element_type=\"column\" data-e-type=\"column\">\n\t\t\t<div class=\"elementor-widget-wrap elementor-element-populated\">\n\t\t\t\t\t\t<div class=\"elementor-element elementor-element-148fcb37 elementor-widget elementor-widget-heading\" data-id=\"148fcb37\" data-element_type=\"widget\" data-e-type=\"widget\" data-widget_type=\"heading.default\">\n\t\t\t\t<div class=\"elementor-widget-container\">\n\t\t\t\t\t<h2 class=\"elementor-heading-title elementor-size-default\">Zam\u00f3w niezobowi\u0105zuj\u0105c\u0105 rozmow\u0119<\/h2>\t\t\t\t<\/div>\n\t\t\t\t<\/div>\n\t\t\t\t<div class=\"elementor-element elementor-element-2ca2a200 elementor-widget elementor-widget-heading\" data-id=\"2ca2a200\" data-element_type=\"widget\" data-e-type=\"widget\" data-widget_type=\"heading.default\">\n\t\t\t\t<div class=\"elementor-widget-container\">\n\t\t\t\t\t<h2 class=\"elementor-heading-title elementor-size-default\">Daj nam zna\u0107 i uzyskaj porad\u0119 eksperta<\/h2>\t\t\t\t<\/div>\n\t\t\t\t<\/div>\n\t\t\t\t\t<\/div>\n\t\t<\/div>\n\t\t\t\t\t<\/div>\n\t\t<\/section>\n\t\t\t\t<section class=\"elementor-section elementor-top-section elementor-element elementor-element-7849be7 elementor-section-boxed elementor-section-height-default elementor-section-height-default\" data-id=\"7849be7\" data-element_type=\"section\" data-e-type=\"section\">\n\t\t\t\t\t\t<div class=\"elementor-container elementor-column-gap-default\">\n\t\t\t\t\t<div class=\"elementor-column elementor-col-100 elementor-top-column elementor-element elementor-element-bbb8f65\" data-id=\"bbb8f65\" data-element_type=\"column\" data-e-type=\"column\">\n\t\t\t<div class=\"elementor-widget-wrap elementor-element-populated\">\n\t\t\t\t\t\t<div class=\"elementor-element elementor-element-20be76b elementor-widget elementor-widget-heading\" data-id=\"20be76b\" data-element_type=\"widget\" data-e-type=\"widget\" data-widget_type=\"heading.default\">\n\t\t\t\t<div class=\"elementor-widget-container\">\n\t\t\t\t\t<h2 class=\"elementor-heading-title elementor-size-default\">Formularz Kontaktowy<br><\/h2>\t\t\t\t<\/div>\n\t\t\t\t<\/div>\n\t\t\t\t<div class=\"elementor-element elementor-element-3cae33f elementor-widget elementor-widget-shortcode\" data-id=\"3cae33f\" data-element_type=\"widget\" data-e-type=\"widget\" data-widget_type=\"shortcode.default\">\n\t\t\t\t<div class=\"elementor-widget-container\">\n\t\t\t\t\t\t\t<div class=\"elementor-shortcode\">\n<div class=\"wpcf7 no-js\" id=\"wpcf7-f188-o1\" lang=\"en-US\" dir=\"ltr\" data-wpcf7-id=\"188\">\n<div class=\"screen-reader-response\"><p role=\"status\" aria-live=\"polite\" aria-atomic=\"true\"><\/p> <ul><\/ul><\/div>\n<form action=\"\/index.php\/wp-json\/wp\/v2\/pages\/185#wpcf7-f188-o1\" method=\"post\" class=\"wpcf7-form init\" aria-label=\"Contact form\" novalidate=\"novalidate\" data-status=\"init\">\n<fieldset class=\"hidden-fields-container\"><input type=\"hidden\" name=\"_wpcf7\" value=\"188\" \/><input type=\"hidden\" name=\"_wpcf7_version\" value=\"6.1.5\" \/><input type=\"hidden\" name=\"_wpcf7_locale\" value=\"en_US\" \/><input type=\"hidden\" name=\"_wpcf7_unit_tag\" value=\"wpcf7-f188-o1\" \/><input type=\"hidden\" name=\"_wpcf7_container_post\" value=\"0\" \/><input type=\"hidden\" name=\"_wpcf7_posted_data_hash\" value=\"\" \/><input type=\"hidden\" name=\"_wpcf7_recaptcha_response\" value=\"\" \/>\n<\/fieldset>\n<p><label> Twoje Nazwisko (wymagane)<br \/>\n<span class=\"wpcf7-form-control-wrap\" data-name=\"Nazwisko\"><input size=\"40\" maxlength=\"400\" class=\"wpcf7-form-control wpcf7-text wpcf7-validates-as-required\" aria-required=\"true\" aria-invalid=\"false\" value=\"\" type=\"text\" name=\"Nazwisko\" \/><\/span> <\/label>\n<\/p>\n<p><label> Twoje Imi\u0119 (wymagane)<br \/>\n<span class=\"wpcf7-form-control-wrap\" data-name=\"text-37\"><input size=\"40\" maxlength=\"400\" class=\"wpcf7-form-control wpcf7-text wpcf7-validates-as-required\" aria-required=\"true\" aria-invalid=\"false\" value=\"\" type=\"text\" name=\"text-37\" \/><\/span> <\/label>\n<\/p>\n<p><label> adres email (wymagane)<br \/>\n<span class=\"wpcf7-form-control-wrap\" data-name=\"email\"><input size=\"40\" maxlength=\"400\" class=\"wpcf7-form-control wpcf7-email wpcf7-validates-as-required wpcf7-text wpcf7-validates-as-email\" aria-required=\"true\" aria-invalid=\"false\" value=\"\" type=\"email\" name=\"email\" \/><\/span> <\/label>\n<\/p>\n<p><label> Temat (wymagane)<br \/>\n<span class=\"wpcf7-form-control-wrap\" data-name=\"temat\"><input size=\"40\" maxlength=\"400\" class=\"wpcf7-form-control wpcf7-text\" aria-invalid=\"false\" value=\"\" type=\"text\" name=\"temat\" \/><\/span> <\/label>\n<\/p>\n<p><span class=\"wpcf7-form-control-wrap\" data-name=\"checkbox-401\"><span class=\"wpcf7-form-control wpcf7-checkbox wpcf7-validates-as-required\"><span class=\"wpcf7-list-item first\"><label><input type=\"checkbox\" name=\"checkbox-401[]\" value=\"prawo cywilne\" \/><span class=\"wpcf7-list-item-label\">prawo cywilne<\/span><\/label><\/span><span class=\"wpcf7-list-item\"><label><input type=\"checkbox\" name=\"checkbox-401[]\" value=\"prawo pracy\" \/><span class=\"wpcf7-list-item-label\">prawo pracy<\/span><\/label><\/span><span class=\"wpcf7-list-item\"><label><input type=\"checkbox\" name=\"checkbox-401[]\" value=\"prawo rodzinne\" \/><span class=\"wpcf7-list-item-label\">prawo rodzinne<\/span><\/label><\/span><span class=\"wpcf7-list-item\"><label><input type=\"checkbox\" name=\"checkbox-401[]\" value=\"prawo gospodarcze\" \/><span class=\"wpcf7-list-item-label\">prawo gospodarcze<\/span><\/label><\/span><span class=\"wpcf7-list-item\"><label><input type=\"checkbox\" name=\"checkbox-401[]\" value=\"oferta dost\u0119pna w sklepie internetowym\" \/><span class=\"wpcf7-list-item-label\">oferta dost\u0119pna w sklepie internetowym<\/span><\/label><\/span><span class=\"wpcf7-list-item\"><label><input type=\"checkbox\" name=\"checkbox-401[]\" value=\"Dost\u0119p do Portalu Klienta\" \/><span class=\"wpcf7-list-item-label\">Dost\u0119p do Portalu Klienta<\/span><\/label><\/span><span class=\"wpcf7-list-item last\"><label><input type=\"checkbox\" name=\"checkbox-401[]\" value=\"nie wiem\/inne\" \/><span class=\"wpcf7-list-item-label\">nie wiem\/inne<\/span><\/label><\/span><\/span><\/span>\n<\/p>\n<p><label> Wiadomo\u015b\u0107 (wymagane)<br \/>\n<span class=\"wpcf7-form-control-wrap\" data-name=\"textarea-675\"><textarea cols=\"40\" rows=\"10\" maxlength=\"2000\" class=\"wpcf7-form-control wpcf7-textarea wpcf7-validates-as-required\" aria-required=\"true\" aria-invalid=\"false\" name=\"textarea-675\"><\/textarea><\/span> <\/label>\n<\/p>\n<p><span class=\"wpcf7-form-control-wrap\" data-name=\"acceptance-157\"><span class=\"wpcf7-form-control wpcf7-acceptance\"><span class=\"wpcf7-list-item\"><label><input type=\"checkbox\" name=\"acceptance-157\" value=\"1\" aria-invalid=\"false\" \/><span class=\"wpcf7-list-item-label\">Akceptuje Polityk\u0119 ochrony prywatno\u015bci dost\u0119pn\u0105 <a href=\"https:\/\/kar.slask.pl\/index.php\/polityka-prywatnosci\" target=\"_blank\">tutaj<\/a><\/span><\/label><\/span><\/span><\/span>\n<\/p>\n<p><span class=\"wpcf7-form-control-wrap\" data-name=\"acceptance-660\"><span class=\"wpcf7-form-control wpcf7-acceptance\"><span class=\"wpcf7-list-item\"><label><input type=\"checkbox\" name=\"acceptance-660\" value=\"1\" aria-invalid=\"false\" \/><span class=\"wpcf7-list-item-label\">Wyra\u017cam zgod\u0119 na przetwarzanie danych osobowych w celach zwi\u0105zanych z obs\u0142ug\u0105 otrzymanej wiadomo\u015bci<\/span><\/label><\/span><\/span><\/span>\n<\/p>\n<p><span id=\"wpcf7-6a045ba758bca-wrapper\" class=\"wpcf7-form-control-wrap email-wrap\" ><label for=\"wpcf7-6a045ba758bca-field\" class=\"hp-message\">Please leave this field empty.<\/label><input id=\"wpcf7-6a045ba758bca-field\"  class=\"wpcf7-form-control wpcf7-text\" type=\"text\" name=\"email\" value=\"\" size=\"40\" tabindex=\"-1\" autocomplete=\"off\" \/><\/span>\n<\/p>\n<p><input class=\"wpcf7-form-control wpcf7-submit has-spinner\" type=\"submit\" value=\"Wy\u015blij\" \/>\n<\/p>\n<p class=\"rodo-info\"><br \/>\nAdministratorem danych osobowych jest <strong>Kancelaria Adwokat\u00f3w i Radc\u00f3w Prawnych Miodek i Partnerzy<\/strong> z siedzib\u0105 w [adres]. Dane przetwarzane s\u0105 w celu udzielenia odpowiedzi na zapytanie (art. 6 ust. 1 lit. f RODO). Korzystanie z formularza oznacza akceptacj\u0119 <a href=\"\/polityka-prywatnosci\" target=\"_blank\">polityki prywatno\u015bci<\/a>. Formularz chroniony przez Google reCAPTCHA \u2013 obowi\u0105zuje <a href=\"https:\/\/policies.google.com\/privacy\" target=\"_blank\">Polityka prywatno\u015bci<\/a> i <a href=\"https:\/\/policies.google.com\/terms\" target=\"_blank\">Warunki korzystania<\/a>.\n<\/p><div class=\"wpcf7-response-output\" aria-hidden=\"true\"><\/div>\n<\/form>\n<\/div>\n<\/div>\n\t\t\t\t\t\t<\/div>\n\t\t\t\t<\/div>\n\t\t\t\t\t<\/div>\n\t\t<\/div>\n\t\t\t\t\t<\/div>\n\t\t<\/section>\n\t\t\t\t<section class=\"elementor-section elementor-top-section elementor-element elementor-element-2d100fbf elementor-section-content-middle elementor-section-stretched elementor-section-boxed elementor-section-height-default elementor-section-height-default\" data-id=\"2d100fbf\" data-element_type=\"section\" data-e-type=\"section\" data-settings=\"{&quot;stretch_section&quot;:&quot;section-stretched&quot;}\">\n\t\t\t\t\t\t<div class=\"elementor-container elementor-column-gap-no\">\n\t\t\t\t\t<div class=\"elementor-column elementor-col-100 elementor-top-column elementor-element elementor-element-4c993d47\" data-id=\"4c993d47\" data-element_type=\"column\" data-e-type=\"column\">\n\t\t\t<div class=\"elementor-widget-wrap elementor-element-populated\">\n\t\t\t\t\t\t<div class=\"elementor-element elementor-element-f6173f9 elementor-widget elementor-widget-heading\" data-id=\"f6173f9\" data-element_type=\"widget\" data-e-type=\"widget\" data-widget_type=\"heading.default\">\n\t\t\t\t<div class=\"elementor-widget-container\">\n\t\t\t\t\t<h6 class=\"elementor-heading-title elementor-size-default\">Kontakt<\/h6>\t\t\t\t<\/div>\n\t\t\t\t<\/div>\n\t\t\t\t<div class=\"elementor-element elementor-element-111bd63c elementor-widget elementor-widget-heading\" data-id=\"111bd63c\" data-element_type=\"widget\" data-e-type=\"widget\" data-widget_type=\"heading.default\">\n\t\t\t\t<div class=\"elementor-widget-container\">\n\t\t\t\t\t<h6 class=\"elementor-heading-title elementor-size-default\">663 790 521<\/h6>\t\t\t\t<\/div>\n\t\t\t\t<\/div>\n\t\t\t\t<div class=\"elementor-element elementor-element-57e24b1d elementor-widget elementor-widget-heading\" data-id=\"57e24b1d\" data-element_type=\"widget\" data-e-type=\"widget\" data-widget_type=\"heading.default\">\n\t\t\t\t<div class=\"elementor-widget-container\">\n\t\t\t\t\t<h3 class=\"elementor-heading-title elementor-size-default\">ul. Jana \u015aliwki 34\/1, 44-102 Gliwice <br><\/h3>\t\t\t\t<\/div>\n\t\t\t\t<\/div>\n\t\t\t\t<div class=\"elementor-element elementor-element-85d000b elementor-widget elementor-widget-heading\" data-id=\"85d000b\" data-element_type=\"widget\" data-e-type=\"widget\" data-widget_type=\"heading.default\">\n\t\t\t\t<div class=\"elementor-widget-container\">\n\t\t\t\t\t<h2 class=\"elementor-heading-title elementor-size-default\">sekretariat@kar.slask.pl<\/h2>\t\t\t\t<\/div>\n\t\t\t\t<\/div>\n\t\t\t\t<div class=\"elementor-element elementor-element-66e61d1 elementor-widget elementor-widget-google_maps\" data-id=\"66e61d1\" data-element_type=\"widget\" data-e-type=\"widget\" data-widget_type=\"google_maps.default\">\n\t\t\t\t<div class=\"elementor-widget-container\">\n\t\t\t\t\t\t\t<div class=\"elementor-custom-embed\">\n\t\t\t<iframe loading=\"lazy\"\n\t\t\t\t\tsrc=\"https:\/\/maps.google.com\/maps?q=Kancelaria%20Adwokat%C3%B3w%20i%20Radc%C3%B3w%20Prawnych.%20Miodek%20i%20partnerzy%20w%20Gliwicach&#038;t=m&#038;z=18&#038;output=embed&#038;iwloc=near\"\n\t\t\t\t\ttitle=\"Kancelaria Adwokat\u00f3w i Radc\u00f3w Prawnych. Miodek i partnerzy w Gliwicach\"\n\t\t\t\t\taria-label=\"Kancelaria Adwokat\u00f3w i Radc\u00f3w Prawnych. Miodek i partnerzy w Gliwicach\"\n\t\t\t><\/iframe>\n\t\t<\/div>\n\t\t\t\t\t\t<\/div>\n\t\t\t\t<\/div>\n\t\t\t\t\t<\/div>\n\t\t<\/div>\n\t\t\t\t\t<\/div>\n\t\t<\/section>\n\t\t\t\t<\/div>\n\t\t","protected":false},"excerpt":{"rendered":"<p>Zam\u00f3w niezobowi\u0105zuj\u0105c\u0105 rozmow\u0119 Daj nam zna\u0107 i uzyskaj porad\u0119 eksperta Formularz Kontaktowy Kontakt 663 790 521 ul. Jana \u015aliwki 34\/1, 44-102 Gliwice sekretariat@kar.slask.pl<\/p>\n","protected":false},"author":1,"featured_media":0,"parent":0,"menu_order":0,"comment_status":"closed","ping_status":"closed","template":"","meta":{"footnotes":""},"class_list":["post-185","page","type-page","status-publish","hentry"],"yoast_head":"<!-- This site is optimized with the Yoast SEO plugin v27.6 - https:\/\/yoast.com\/product\/yoast-seo-wordpress\/ -->\n<title>Kontakt - Kancelaria Adwokat\u00f3w i Radc\u00f3w Prawnych. Miodek i partnerzy<\/title>\n<meta name=\"robots\" content=\"index, follow, max-snippet:-1, max-image-preview:large, max-video-preview:-1\" \/>\n<link rel=\"canonical\" href=\"https:\/\/kar.slask.pl\/index.php\/kontakt\/\" \/>\n<meta property=\"og:locale\" content=\"pl_PL\" \/>\n<meta property=\"og:type\" content=\"article\" \/>\n<meta property=\"og:title\" content=\"Kontakt - Kancelaria Adwokat\u00f3w i Radc\u00f3w Prawnych. Miodek i partnerzy\" \/>\n<meta property=\"og:description\" content=\"Zam\u00f3w niezobowi\u0105zuj\u0105c\u0105 rozmow\u0119 Daj nam zna\u0107 i uzyskaj porad\u0119 eksperta Formularz Kontaktowy Kontakt 663 790 521 ul. Jana \u015aliwki 34\/1, 44-102 Gliwice sekretariat@kar.slask.pl\" \/>\n<meta property=\"og:url\" content=\"https:\/\/kar.slask.pl\/index.php\/kontakt\/\" \/>\n<meta property=\"og:site_name\" content=\"Kancelaria Adwokat\u00f3w i Radc\u00f3w Prawnych. Miodek i partnerzy\" \/>\n<meta property=\"article:publisher\" content=\"https:\/\/www.facebook.com\/AbonamentyPrawne\" \/>\n<meta property=\"article:modified_time\" content=\"2022-02-17T16:06:05+00:00\" \/>\n<meta name=\"twitter:card\" content=\"summary_large_image\" \/>\n<meta name=\"twitter:label1\" content=\"Szacowany czas czytania\" \/>\n\t<meta name=\"twitter:data1\" content=\"1 minuta\" \/>\n<script type=\"application\/ld+json\" class=\"yoast-schema-graph\">{\"@context\":\"https:\\\/\\\/schema.org\",\"@graph\":[{\"@type\":\"WebPage\",\"@id\":\"https:\\\/\\\/kar.slask.pl\\\/index.php\\\/kontakt\\\/\",\"url\":\"https:\\\/\\\/kar.slask.pl\\\/index.php\\\/kontakt\\\/\",\"name\":\"Kontakt - Kancelaria Adwokat\u00f3w i Radc\u00f3w Prawnych. Miodek i partnerzy\",\"isPartOf\":{\"@id\":\"https:\\\/\\\/kar.slask.pl\\\/#website\"},\"datePublished\":\"2019-08-30T04:15:05+00:00\",\"dateModified\":\"2022-02-17T16:06:05+00:00\",\"breadcrumb\":{\"@id\":\"https:\\\/\\\/kar.slask.pl\\\/index.php\\\/kontakt\\\/#breadcrumb\"},\"inLanguage\":\"pl-PL\",\"potentialAction\":[{\"@type\":\"ReadAction\",\"target\":[\"https:\\\/\\\/kar.slask.pl\\\/index.php\\\/kontakt\\\/\"]}]},{\"@type\":\"BreadcrumbList\",\"@id\":\"https:\\\/\\\/kar.slask.pl\\\/index.php\\\/kontakt\\\/#breadcrumb\",\"itemListElement\":[{\"@type\":\"ListItem\",\"position\":1,\"name\":\"Strona g\u0142\u00f3wna\",\"item\":\"https:\\\/\\\/kar.slask.pl\\\/\"},{\"@type\":\"ListItem\",\"position\":2,\"name\":\"Kontakt\"}]},{\"@type\":\"WebSite\",\"@id\":\"https:\\\/\\\/kar.slask.pl\\\/#website\",\"url\":\"https:\\\/\\\/kar.slask.pl\\\/\",\"name\":\"Kancelaria Adwokat\u00f3w i Radc\u00f3w Prawnych. Miodek i partnerzy\",\"description\":\"Jak ty wybierasz prawnika?\",\"publisher\":{\"@id\":\"https:\\\/\\\/kar.slask.pl\\\/#organization\"},\"potentialAction\":[{\"@type\":\"SearchAction\",\"target\":{\"@type\":\"EntryPoint\",\"urlTemplate\":\"https:\\\/\\\/kar.slask.pl\\\/?s={search_term_string}\"},\"query-input\":{\"@type\":\"PropertyValueSpecification\",\"valueRequired\":true,\"valueName\":\"search_term_string\"}}],\"inLanguage\":\"pl-PL\"},{\"@type\":\"Organization\",\"@id\":\"https:\\\/\\\/kar.slask.pl\\\/#organization\",\"name\":\"Kancelaria Adwokat\u00f3w i Radc\u00f3w Prawnych. Miodek i partnerzy\",\"url\":\"https:\\\/\\\/kar.slask.pl\\\/\",\"logo\":{\"@type\":\"ImageObject\",\"inLanguage\":\"pl-PL\",\"@id\":\"https:\\\/\\\/kar.slask.pl\\\/#\\\/schema\\\/logo\\\/image\\\/\",\"url\":\"https:\\\/\\\/i0.wp.com\\\/kar.slask.pl\\\/wp-content\\\/uploads\\\/2022\\\/01\\\/KAR-logo_pionowe_BLACK.png?fit=811%2C375&ssl=1\",\"contentUrl\":\"https:\\\/\\\/i0.wp.com\\\/kar.slask.pl\\\/wp-content\\\/uploads\\\/2022\\\/01\\\/KAR-logo_pionowe_BLACK.png?fit=811%2C375&ssl=1\",\"width\":811,\"height\":375,\"caption\":\"Kancelaria Adwokat\u00f3w i Radc\u00f3w Prawnych. Miodek i partnerzy\"},\"image\":{\"@id\":\"https:\\\/\\\/kar.slask.pl\\\/#\\\/schema\\\/logo\\\/image\\\/\"},\"sameAs\":[\"https:\\\/\\\/www.facebook.com\\\/AbonamentyPrawne\",\"https:\\\/\\\/www.linkedin.com\\\/company\\\/23680625\"]}]}<\/script>\n<!-- \/ Yoast SEO plugin. -->","yoast_head_json":{"title":"Kontakt - Kancelaria Adwokat\u00f3w i Radc\u00f3w Prawnych. Miodek i partnerzy","robots":{"index":"index","follow":"follow","max-snippet":"max-snippet:-1","max-image-preview":"max-image-preview:large","max-video-preview":"max-video-preview:-1"},"canonical":"https:\/\/kar.slask.pl\/index.php\/kontakt\/","og_locale":"pl_PL","og_type":"article","og_title":"Kontakt - Kancelaria Adwokat\u00f3w i Radc\u00f3w Prawnych. Miodek i partnerzy","og_description":"Zam\u00f3w niezobowi\u0105zuj\u0105c\u0105 rozmow\u0119 Daj nam zna\u0107 i uzyskaj porad\u0119 eksperta Formularz Kontaktowy Kontakt 663 790 521 ul. Jana \u015aliwki 34\/1, 44-102 Gliwice sekretariat@kar.slask.pl","og_url":"https:\/\/kar.slask.pl\/index.php\/kontakt\/","og_site_name":"Kancelaria Adwokat\u00f3w i Radc\u00f3w Prawnych. Miodek i partnerzy","article_publisher":"https:\/\/www.facebook.com\/AbonamentyPrawne","article_modified_time":"2022-02-17T16:06:05+00:00","twitter_card":"summary_large_image","twitter_misc":{"Szacowany czas czytania":"1 minuta"},"schema":{"@context":"https:\/\/schema.org","@graph":[{"@type":"WebPage","@id":"https:\/\/kar.slask.pl\/index.php\/kontakt\/","url":"https:\/\/kar.slask.pl\/index.php\/kontakt\/","name":"Kontakt - Kancelaria Adwokat\u00f3w i Radc\u00f3w Prawnych. Miodek i partnerzy","isPartOf":{"@id":"https:\/\/kar.slask.pl\/#website"},"datePublished":"2019-08-30T04:15:05+00:00","dateModified":"2022-02-17T16:06:05+00:00","breadcrumb":{"@id":"https:\/\/kar.slask.pl\/index.php\/kontakt\/#breadcrumb"},"inLanguage":"pl-PL","potentialAction":[{"@type":"ReadAction","target":["https:\/\/kar.slask.pl\/index.php\/kontakt\/"]}]},{"@type":"BreadcrumbList","@id":"https:\/\/kar.slask.pl\/index.php\/kontakt\/#breadcrumb","itemListElement":[{"@type":"ListItem","position":1,"name":"Strona g\u0142\u00f3wna","item":"https:\/\/kar.slask.pl\/"},{"@type":"ListItem","position":2,"name":"Kontakt"}]},{"@type":"WebSite","@id":"https:\/\/kar.slask.pl\/#website","url":"https:\/\/kar.slask.pl\/","name":"Kancelaria Adwokat\u00f3w i Radc\u00f3w Prawnych. Miodek i partnerzy","description":"Jak ty wybierasz prawnika?","publisher":{"@id":"https:\/\/kar.slask.pl\/#organization"},"potentialAction":[{"@type":"SearchAction","target":{"@type":"EntryPoint","urlTemplate":"https:\/\/kar.slask.pl\/?s={search_term_string}"},"query-input":{"@type":"PropertyValueSpecification","valueRequired":true,"valueName":"search_term_string"}}],"inLanguage":"pl-PL"},{"@type":"Organization","@id":"https:\/\/kar.slask.pl\/#organization","name":"Kancelaria Adwokat\u00f3w i Radc\u00f3w Prawnych. Miodek i partnerzy","url":"https:\/\/kar.slask.pl\/","logo":{"@type":"ImageObject","inLanguage":"pl-PL","@id":"https:\/\/kar.slask.pl\/#\/schema\/logo\/image\/","url":"https:\/\/i0.wp.com\/kar.slask.pl\/wp-content\/uploads\/2022\/01\/KAR-logo_pionowe_BLACK.png?fit=811%2C375&ssl=1","contentUrl":"https:\/\/i0.wp.com\/kar.slask.pl\/wp-content\/uploads\/2022\/01\/KAR-logo_pionowe_BLACK.png?fit=811%2C375&ssl=1","width":811,"height":375,"caption":"Kancelaria Adwokat\u00f3w i Radc\u00f3w Prawnych. Miodek i partnerzy"},"image":{"@id":"https:\/\/kar.slask.pl\/#\/schema\/logo\/image\/"},"sameAs":["https:\/\/www.facebook.com\/AbonamentyPrawne","https:\/\/www.linkedin.com\/company\/23680625"]}]}},"jetpack_sharing_enabled":true,"_links":{"self":[{"href":"https:\/\/kar.slask.pl\/index.php\/wp-json\/wp\/v2\/pages\/185","targetHints":{"allow":["GET"]}}],"collection":[{"href":"https:\/\/kar.slask.pl\/index.php\/wp-json\/wp\/v2\/pages"}],"about":[{"href":"https:\/\/kar.slask.pl\/index.php\/wp-json\/wp\/v2\/types\/page"}],"author":[{"embeddable":true,"href":"https:\/\/kar.slask.pl\/index.php\/wp-json\/wp\/v2\/users\/1"}],"replies":[{"embeddable":true,"href":"https:\/\/kar.slask.pl\/index.php\/wp-json\/wp\/v2\/comments?post=185"}],"version-history":[{"count":16,"href":"https:\/\/kar.slask.pl\/index.php\/wp-json\/wp\/v2\/pages\/185\/revisions"}],"predecessor-version":[{"id":721,"href":"https:\/\/kar.slask.pl\/index.php\/wp-json\/wp\/v2\/pages\/185\/revisions\/721"}],"wp:attachment":[{"href":"https:\/\/kar.slask.pl\/index.php\/wp-json\/wp\/v2\/media?parent=185"}],"curies":[{"name":"wp","href":"https:\/\/api.w.org\/{rel}","templated":true}]}}